{"id":962,"date":"2021-09-12T16:14:17","date_gmt":"2021-09-12T16:14:17","guid":{"rendered":"https:\/\/uzpruk.com\/?page_id=962"},"modified":"2022-01-15T12:57:19","modified_gmt":"2022-01-15T12:57:19","slug":"inscriere","status":"publish","type":"page","link":"https:\/\/uzpruk.com\/en\/inscriere\/","title":{"rendered":"Join Us"},"content":{"rendered":"<div data-elementor-type=\"wp-page\" data-elementor-id=\"962\" class=\"elementor elementor-962\">\n\t\t\t\t\t\t<section class=\"elementor-section elementor-top-section elementor-element elementor-element-nfbaj05 elementor-section-content-middle elementor-section-boxed elementor-section-height-default elementor-section-height-default\" data-id=\"nfbaj05\" data-element_type=\"section\" data-e-type=\"section\" data-settings=\"{&quot;background_background&quot;:&quot;classic&quot;}\">\n\t\t\t\t\t\t\t<div class=\"elementor-background-overlay\"><\/div>\n\t\t\t\t\t\t\t<div class=\"elementor-container elementor-column-gap-no\">\n\t\t\t\t\t<div class=\"elementor-column elementor-col-50 elementor-top-column elementor-element elementor-element-47d11e6\" data-id=\"47d11e6\" data-element_type=\"column\" data-e-type=\"column\">\n\t\t\t<div class=\"elementor-widget-wrap elementor-element-populated\">\n\t\t\t\t\t\t<div class=\"elementor-element elementor-element-51240be elementor-widget elementor-widget-image\" data-id=\"51240be\" data-element_type=\"widget\" data-e-type=\"widget\" data-widget_type=\"image.default\">\n\t\t\t\t<div class=\"elementor-widget-container\">\n\t\t\t\t\t\t\t\t\t\t\t\t\t\t\t<img fetchpriority=\"high\" decoding=\"async\" width=\"1920\" height=\"1280\" src=\"https:\/\/uzpruk.com\/wp-content\/uploads\/2021\/09\/crowd.jpg\" class=\"attachment-full size-full wp-image-1123\" alt=\"\" srcset=\"https:\/\/uzpruk.com\/wp-content\/uploads\/2021\/09\/crowd.jpg 1920w, https:\/\/uzpruk.com\/wp-content\/uploads\/2021\/09\/crowd-300x200.jpg 300w, https:\/\/uzpruk.com\/wp-content\/uploads\/2021\/09\/crowd-1024x683.jpg 1024w, https:\/\/uzpruk.com\/wp-content\/uploads\/2021\/09\/crowd-768x512.jpg 768w, https:\/\/uzpruk.com\/wp-content\/uploads\/2021\/09\/crowd-1536x1024.jpg 1536w, https:\/\/uzpruk.com\/wp-content\/uploads\/2021\/09\/crowd-18x12.jpg 18w\" sizes=\"(max-width: 1920px) 100vw, 1920px\" \/>\t\t\t\t\t\t\t\t\t\t\t\t\t\t\t<\/div>\n\t\t\t\t<\/div>\n\t\t\t\t\t<\/div>\n\t\t<\/div>\n\t\t\t\t<div class=\"elementor-column elementor-col-50 elementor-top-column elementor-element elementor-element-e68dcfe\" data-id=\"e68dcfe\" data-element_type=\"column\" data-e-type=\"column\">\n\t\t\t<div class=\"elementor-widget-wrap elementor-element-populated\">\n\t\t\t\t\t\t<div class=\"elementor-element elementor-element-ff0f137 elementor-widget elementor-widget-heading\" data-id=\"ff0f137\" data-element_type=\"widget\" data-e-type=\"widget\" data-widget_type=\"heading.default\">\n\t\t\t\t<div class=\"elementor-widget-container\">\n\t\t\t\t\t<h2 class=\"elementor-heading-title elementor-size-default\">Join Us<\/h2>\t\t\t\t<\/div>\n\t\t\t\t<\/div>\n\t\t\t\t<div class=\"elementor-element elementor-element-72da1a5 elementor-widget elementor-widget-text-editor\" data-id=\"72da1a5\" data-element_type=\"widget\" data-e-type=\"widget\" data-widget_type=\"text-editor.default\">\n\t\t\t\t<div class=\"elementor-widget-container\">\n\t\t\t\t\t\t\t\t\t<p class=\"translation-block\">Welcome to the UZPR-UK page! We created this page to invite you to give like &amp; share, or to join a select company of people who share the same passion for journalism and publishing. If you would like to join the UZPR-UK branch, please email us at uzpr.uk@gmail.com.<\/p><p>We actively welcome new members from the UK. We are also interested in finding collaborators from the UK and abroad to work with us within the field of publishing. Best materials will be published on the first page of our website, and those who are proactive in publishing with us can become a <strong><u>\u2018Permanent Collaborator\u2019.<\/u><\/strong><\/p>\t\t\t\t\t\t\t\t<\/div>\n\t\t\t\t<\/div>\n\t\t\t\t<div class=\"elementor-element elementor-element-a6dde25 elementor-align-left elementor-widget elementor-widget-button\" data-id=\"a6dde25\" data-element_type=\"widget\" data-e-type=\"widget\" data-widget_type=\"button.default\">\n\t\t\t\t<div class=\"elementor-widget-container\">\n\t\t\t\t\t\t\t\t\t<div class=\"elementor-button-wrapper\">\n\t\t\t\t\t<a class=\"elementor-button elementor-button-link elementor-size-sm\" href=\"\/en\/contact\/\">\n\t\t\t\t\t\t<span class=\"elementor-button-content-wrapper\">\n\t\t\t\t\t\t\t\t\t<span class=\"elementor-button-text\">Contact Us<\/span>\n\t\t\t\t\t<\/span>\n\t\t\t\t\t<\/a>\n\t\t\t\t<\/div>\n\t\t\t\t\t\t\t\t<\/div>\n\t\t\t\t<\/div>\n\t\t\t\t\t<\/div>\n\t\t<\/div>\n\t\t\t\t\t<\/div>\n\t\t<\/section>\n\t\t\t\t<\/div>","protected":false},"excerpt":{"rendered":"<p>\u00censcriere Uniunea Ziari\u015ftilor Profesioni\u015fti din Rom\u00e2nia invit\u0103 pe cei interesa\u0163i s\u0103 devin\u0103 membri ai Filialei recent deschise \u00een Marea Britanie (UZPR Marea Britanie). Dac\u0103 ai studii \/ experien\u021b\u0103 \u00een mass-media \/ activitate publicistic\u0103 \u0219i vrei s\u0103 \u021bi le pui \u00een valoare, f\u0103c\u00e2nd parte dintr-o organiza\u021bie de notorietate, trimite-ne un e-mail la uzpruk@gmail.com. Salut\u0103m \u00een mod [&hellip;]<\/p>\n","protected":false},"author":1,"featured_media":0,"parent":0,"menu_order":0,"comment_status":"closed","ping_status":"closed","template":"elementor_header_footer","meta":{"_crdt_document":"","footnotes":""},"class_list":["post-962","page","type-page","status-publish","hentry"],"yoast_head":"<!-- This site is optimized with the Yoast SEO plugin v27.3 - https:\/\/yoast.com\/product\/yoast-seo-wordpress\/ -->\n<title>\u00censcriere - Uniunea Ziari\u0219tilor Profesioni\u0219ti din Rom\u00e2nia (UZPR)<\/title>\n<meta name=\"description\" content=\"\u00censcriere \u00een UZPR UK - Uniunea Ziari\u0219tilor Profesioni\u0219ti din Rom\u00e2nia\" \/>\n<meta name=\"robots\" content=\"index, follow, max-snippet:-1, max-image-preview:large, max-video-preview:-1\" \/>\n<link rel=\"canonical\" href=\"https:\/\/uzpruk.com\/en\/inscriere\/\" \/>\n<meta property=\"og:locale\" content=\"en_GB\" \/>\n<meta property=\"og:type\" content=\"article\" \/>\n<meta property=\"og:title\" content=\"\u00censcriere - Uniunea Ziari\u0219tilor Profesioni\u0219ti din Rom\u00e2nia (UZPR)\" \/>\n<meta property=\"og:description\" content=\"\u00censcriere \u00een UZPR UK - Uniunea Ziari\u0219tilor Profesioni\u0219ti din Rom\u00e2nia\" \/>\n<meta property=\"og:url\" content=\"https:\/\/uzpruk.com\/en\/inscriere\/\" \/>\n<meta property=\"og:site_name\" content=\"Uniunea Ziari\u0219tilor Profesioni\u0219ti din Rom\u00e2nia (UZPR)\" \/>\n<meta property=\"article:modified_time\" content=\"2022-01-15T12:57:19+00:00\" \/>\n<meta property=\"og:image\" content=\"https:\/\/uzpruk.com\/wp-content\/uploads\/2021\/09\/crowd.jpg\" \/>\n<meta name=\"twitter:card\" content=\"summary_large_image\" \/>\n<meta name=\"twitter:label1\" content=\"Estimated reading time\" \/>\n\t<meta name=\"twitter:data1\" content=\"1 minute\" \/>\n<script type=\"application\/ld+json\" class=\"yoast-schema-graph\">{\"@context\":\"https:\\\/\\\/schema.org\",\"@graph\":[{\"@type\":\"WebPage\",\"@id\":\"https:\\\/\\\/uzpruk.com\\\/inscriere\\\/\",\"url\":\"https:\\\/\\\/uzpruk.com\\\/inscriere\\\/\",\"name\":\"\u00censcriere - Uniunea Ziari\u0219tilor Profesioni\u0219ti din Rom\u00e2nia (UZPR)\",\"isPartOf\":{\"@id\":\"https:\\\/\\\/uzpruk.com\\\/#website\"},\"primaryImageOfPage\":{\"@id\":\"https:\\\/\\\/uzpruk.com\\\/inscriere\\\/#primaryimage\"},\"image\":{\"@id\":\"https:\\\/\\\/uzpruk.com\\\/inscriere\\\/#primaryimage\"},\"thumbnailUrl\":\"https:\\\/\\\/uzpruk.com\\\/wp-content\\\/uploads\\\/2021\\\/09\\\/crowd.jpg\",\"datePublished\":\"2021-09-12T16:14:17+00:00\",\"dateModified\":\"2022-01-15T12:57:19+00:00\",\"description\":\"\u00censcriere \u00een UZPR UK - Uniunea Ziari\u0219tilor Profesioni\u0219ti din Rom\u00e2nia\",\"breadcrumb\":{\"@id\":\"https:\\\/\\\/uzpruk.com\\\/inscriere\\\/#breadcrumb\"},\"inLanguage\":\"en-GB\",\"potentialAction\":[{\"@type\":\"ReadAction\",\"target\":[\"https:\\\/\\\/uzpruk.com\\\/inscriere\\\/\"]}]},{\"@type\":\"ImageObject\",\"inLanguage\":\"en-GB\",\"@id\":\"https:\\\/\\\/uzpruk.com\\\/inscriere\\\/#primaryimage\",\"url\":\"https:\\\/\\\/uzpruk.com\\\/wp-content\\\/uploads\\\/2021\\\/09\\\/crowd.jpg\",\"contentUrl\":\"https:\\\/\\\/uzpruk.com\\\/wp-content\\\/uploads\\\/2021\\\/09\\\/crowd.jpg\"},{\"@type\":\"BreadcrumbList\",\"@id\":\"https:\\\/\\\/uzpruk.com\\\/inscriere\\\/#breadcrumb\",\"itemListElement\":[{\"@type\":\"ListItem\",\"position\":1,\"name\":\"Home\",\"item\":\"https:\\\/\\\/uzpruk.com\\\/\"},{\"@type\":\"ListItem\",\"position\":2,\"name\":\"\u00censcriere\"}]},{\"@type\":\"WebSite\",\"@id\":\"https:\\\/\\\/uzpruk.com\\\/#website\",\"url\":\"https:\\\/\\\/uzpruk.com\\\/\",\"name\":\"Uniunea Ziari\u0219tilor Profesioni\u0219ti din Rom\u00e2nia (UZPR)\",\"description\":\"\u00cempreun\u0103 scriem istoria clipei\",\"publisher\":{\"@id\":\"https:\\\/\\\/uzpruk.com\\\/#organization\"},\"potentialAction\":[{\"@type\":\"SearchAction\",\"target\":{\"@type\":\"EntryPoint\",\"urlTemplate\":\"https:\\\/\\\/uzpruk.com\\\/?s={search_term_string}\"},\"query-input\":{\"@type\":\"PropertyValueSpecification\",\"valueRequired\":true,\"valueName\":\"search_term_string\"}}],\"inLanguage\":\"en-GB\"},{\"@type\":\"Organization\",\"@id\":\"https:\\\/\\\/uzpruk.com\\\/#organization\",\"name\":\"Uniunea Ziari\u0219tilor Profesioni\u0219ti din Rom\u00e2nia (UZPR)\",\"url\":\"https:\\\/\\\/uzpruk.com\\\/\",\"logo\":{\"@type\":\"ImageObject\",\"inLanguage\":\"en-GB\",\"@id\":\"https:\\\/\\\/uzpruk.com\\\/#\\\/schema\\\/logo\\\/image\\\/\",\"url\":\"https:\\\/\\\/uzpruk.com\\\/wp-content\\\/uploads\\\/2021\\\/09\\\/header-site2.png\",\"contentUrl\":\"https:\\\/\\\/uzpruk.com\\\/wp-content\\\/uploads\\\/2021\\\/09\\\/header-site2.png\",\"width\":831,\"height\":141,\"caption\":\"Uniunea Ziari\u0219tilor Profesioni\u0219ti din Rom\u00e2nia (UZPR)\"},\"image\":{\"@id\":\"https:\\\/\\\/uzpruk.com\\\/#\\\/schema\\\/logo\\\/image\\\/\"}}]}<\/script>\n<!-- \/ Yoast SEO plugin. -->","yoast_head_json":{"title":"\u00censcriere - Uniunea Ziari\u0219tilor Profesioni\u0219ti din Rom\u00e2nia (UZPR)","description":"\u00censcriere \u00een UZPR UK - Uniunea Ziari\u0219tilor Profesioni\u0219ti din Rom\u00e2nia","robots":{"index":"index","follow":"follow","max-snippet":"max-snippet:-1","max-image-preview":"max-image-preview:large","max-video-preview":"max-video-preview:-1"},"canonical":"https:\/\/uzpruk.com\/en\/inscriere\/","og_locale":"en_GB","og_type":"article","og_title":"\u00censcriere - Uniunea Ziari\u0219tilor Profesioni\u0219ti din Rom\u00e2nia (UZPR)","og_description":"\u00censcriere \u00een UZPR UK - Uniunea Ziari\u0219tilor Profesioni\u0219ti din Rom\u00e2nia","og_url":"https:\/\/uzpruk.com\/en\/inscriere\/","og_site_name":"Uniunea Ziari\u0219tilor Profesioni\u0219ti din Rom\u00e2nia (UZPR)","article_modified_time":"2022-01-15T12:57:19+00:00","og_image":[{"url":"https:\/\/uzpruk.com\/wp-content\/uploads\/2021\/09\/crowd.jpg","type":"","width":"","height":""}],"twitter_card":"summary_large_image","twitter_misc":{"Estimated reading time":"1 minute"},"schema":{"@context":"https:\/\/schema.org","@graph":[{"@type":"WebPage","@id":"https:\/\/uzpruk.com\/inscriere\/","url":"https:\/\/uzpruk.com\/inscriere\/","name":"\u00censcriere - Uniunea Ziari\u0219tilor Profesioni\u0219ti din Rom\u00e2nia (UZPR)","isPartOf":{"@id":"https:\/\/uzpruk.com\/#website"},"primaryImageOfPage":{"@id":"https:\/\/uzpruk.com\/inscriere\/#primaryimage"},"image":{"@id":"https:\/\/uzpruk.com\/inscriere\/#primaryimage"},"thumbnailUrl":"https:\/\/uzpruk.com\/wp-content\/uploads\/2021\/09\/crowd.jpg","datePublished":"2021-09-12T16:14:17+00:00","dateModified":"2022-01-15T12:57:19+00:00","description":"\u00censcriere \u00een UZPR UK - Uniunea Ziari\u0219tilor Profesioni\u0219ti din Rom\u00e2nia","breadcrumb":{"@id":"https:\/\/uzpruk.com\/inscriere\/#breadcrumb"},"inLanguage":"en-GB","potentialAction":[{"@type":"ReadAction","target":["https:\/\/uzpruk.com\/inscriere\/"]}]},{"@type":"ImageObject","inLanguage":"en-GB","@id":"https:\/\/uzpruk.com\/inscriere\/#primaryimage","url":"https:\/\/uzpruk.com\/wp-content\/uploads\/2021\/09\/crowd.jpg","contentUrl":"https:\/\/uzpruk.com\/wp-content\/uploads\/2021\/09\/crowd.jpg"},{"@type":"BreadcrumbList","@id":"https:\/\/uzpruk.com\/inscriere\/#breadcrumb","itemListElement":[{"@type":"ListItem","position":1,"name":"Home","item":"https:\/\/uzpruk.com\/"},{"@type":"ListItem","position":2,"name":"\u00censcriere"}]},{"@type":"WebSite","@id":"https:\/\/uzpruk.com\/#website","url":"https:\/\/uzpruk.com\/","name":"Uniunea Ziari\u0219tilor Profesioni\u0219ti din Rom\u00e2nia (UZPR)","description":"\u00cempreun\u0103 scriem istoria clipei","publisher":{"@id":"https:\/\/uzpruk.com\/#organization"},"potentialAction":[{"@type":"SearchAction","target":{"@type":"EntryPoint","urlTemplate":"https:\/\/uzpruk.com\/?s={search_term_string}"},"query-input":{"@type":"PropertyValueSpecification","valueRequired":true,"valueName":"search_term_string"}}],"inLanguage":"en-GB"},{"@type":"Organization","@id":"https:\/\/uzpruk.com\/#organization","name":"Uniunea Ziari\u0219tilor Profesioni\u0219ti din Rom\u00e2nia (UZPR)","url":"https:\/\/uzpruk.com\/","logo":{"@type":"ImageObject","inLanguage":"en-GB","@id":"https:\/\/uzpruk.com\/#\/schema\/logo\/image\/","url":"https:\/\/uzpruk.com\/wp-content\/uploads\/2021\/09\/header-site2.png","contentUrl":"https:\/\/uzpruk.com\/wp-content\/uploads\/2021\/09\/header-site2.png","width":831,"height":141,"caption":"Uniunea Ziari\u0219tilor Profesioni\u0219ti din Rom\u00e2nia (UZPR)"},"image":{"@id":"https:\/\/uzpruk.com\/#\/schema\/logo\/image\/"}}]}},"blog_post_layout_featured_media_urls":{"thumbnail":"","full":""},"categories_names":null,"comments_number":"0","wpmagazine_modules_lite_featured_media_urls":{"thumbnail":"","cvmm-medium":"","cvmm-medium-plus":"","cvmm-portrait":"","cvmm-medium-square":"","cvmm-large":"","cvmm-small":"","full":""},"_links":{"self":[{"href":"https:\/\/uzpruk.com\/en\/wp-json\/wp\/v2\/pages\/962","targetHints":{"allow":["GET"]}}],"collection":[{"href":"https:\/\/uzpruk.com\/en\/wp-json\/wp\/v2\/pages"}],"about":[{"href":"https:\/\/uzpruk.com\/en\/wp-json\/wp\/v2\/types\/page"}],"author":[{"embeddable":true,"href":"https:\/\/uzpruk.com\/en\/wp-json\/wp\/v2\/users\/1"}],"replies":[{"embeddable":true,"href":"https:\/\/uzpruk.com\/en\/wp-json\/wp\/v2\/comments?post=962"}],"version-history":[{"count":27,"href":"https:\/\/uzpruk.com\/en\/wp-json\/wp\/v2\/pages\/962\/revisions"}],"predecessor-version":[{"id":1579,"href":"https:\/\/uzpruk.com\/en\/wp-json\/wp\/v2\/pages\/962\/revisions\/1579"}],"wp:attachment":[{"href":"https:\/\/uzpruk.com\/en\/wp-json\/wp\/v2\/media?parent=962"}],"curies":[{"name":"wp","href":"https:\/\/api.w.org\/{rel}","templated":true}]}}