{"id":1091,"date":"2021-09-24T15:14:43","date_gmt":"2021-09-24T15:14:43","guid":{"rendered":"https:\/\/uzpruk.com\/?page_id=1091"},"modified":"2021-09-26T17:59:26","modified_gmt":"2021-09-26T17:59:26","slug":"termeni-si-conditii","status":"publish","type":"page","link":"https:\/\/uzpruk.com\/en\/termeni-si-conditii\/","title":{"rendered":"Termeni \u0219i condi\u021bii"},"content":{"rendered":"<h2 class=\"wp-block-heading\">TERMENI GENERALI<\/h2>\n\n\n\n<p class=\"wp-block-paragraph\">a) Accesarea acestui website ori a oric\u0103rei p\u0103r\u0163i din acesta presupune acordul dumneavoastr\u0103, \u00een calitate utilizator, cu privire la termenii \u015fi condi\u021biile de mai jos. Prin continuarea utiliz\u0103rii site-ului, dumneavoastr\u0103, numit \u00een continuare utilizator, v\u0103 da\u0163i acordul tacit \u015fi accesa\u021bi la totalitatea termenilor \u015fi condi\u021biilor.<\/p>\n\n\n\n<p class=\"wp-block-paragraph\">b) Uniunea Ziari\u0219tilor Profesioni\u0219ti din Rom\u00e2nia (UZPR) poate schimba \u00een orice moment con\u021binutul site-ului, poate aduce modific\u0103ri de structur\u0103, con\u0163inut \u015fi accesibilitate, poate sista furnizarea informa\u021biilor pe site, f\u0103r\u0103 un acord prealabil \u015fi f\u0103r\u0103 vreo notificare c\u0103tre utilizatori ori c\u0103tre ter\u0163e persoane.<\/p>\n\n\n\n<p class=\"wp-block-paragraph\">c) Uniunea Ziari\u0219tilor Profesioni\u0219ti din Rom\u00e2nia (UZPR) poate limita accesul la site ori la anumite p\u0103r\u0163i din acesta. Totodat\u0103, Uniunea Ziari\u0219tilor Profesioni\u0219ti din Rom\u00e2nia (UZPR) poate limita accesul anumitor IP-uri f\u0103r\u0103 notificare \u015fi angajarea vreunei r\u0103spunderi.<\/p>\n\n\n\n<p class=\"wp-block-paragraph\">d) Accesul la con\u0163inutul online al site-ului www.uzpruk.com este liber pentru to\u021bi utilizatorii<\/p>\n\n\n\n<p class=\"wp-block-paragraph\">e) Uniunea Ziari\u0219tilor Profesioni\u0219ti din Rom\u00e2nia (UZPR) \u00ee\u015fi rezerv\u0103 dreptul de a modifica termenii \u015fi condi\u0163iile utiliz\u0103rii site-ului www.uzpruk.com \u00een orice moment, modific\u0103rile fiind aplicabile \u00eencep\u00e2nd cu data public\u0103rii lor pe site.<\/p>\n\n\n\n<p class=\"wp-block-paragraph\">LIMITAREA R\u0102SPUNDERII<br>a) Website-ul www.uzpruk.com furnizeaz\u0103 instrumente de informare, dar nu ofer\u0103 sfaturi \u015fi nici nu face recomand\u0103ri referitoare la anumite instrumente financiare, servicii sau produse.<\/p>\n\n\n\n<p class=\"wp-block-paragraph\">b) Datorit\u0103 num\u0103rului mare de surse de ob\u0163inere a informa\u0163iilor pot exista \u00eent\u00e2rzieri, omisiuni sau inexactit\u0103\u0163i \u00een informa\u0163iile \u015fi \u00een serviciile oferite de Uniunea Ziari\u0219tilor Profesioni\u0219ti din Rom\u00e2nia (UZPR).<\/p>\n\n\n\n<p class=\"wp-block-paragraph\">c) Uniunea Ziari\u0219tilor Profesioni\u0219ti din Rom\u00e2nia (UZPR) nu ofer\u0103 garan\u0163ii privind acurate\u0163ea, succesiunea, integralitatea, integritatea, actualitatea sau potrivirea pentru un anume scop a informa\u0163iilor oferite pe site.<\/p>\n\n\n\n<p class=\"wp-block-paragraph\">d) Utilizatorul site-ului este singurul responsabil at\u00e2t fa\u0163\u0103 de ter\u0163i, c\u00e2t \u015fi fa\u0163\u0103 de Uniunea Ziari\u0219tilor Profesioni\u0219ti din Rom\u00e2nia (UZPR) \u00een leg\u0103tur\u0103 cu accesarea, utilizarea \u015fi exploatarea informa\u0163iilor publicate pe site.<\/p>\n\n\n\n<p class=\"wp-block-paragraph\">e) Uniunea Ziari\u0219tilor Profesioni\u0219ti din Rom\u00e2nia (UZPR) nu r\u0103spunde fa\u0163\u0103 de utilizatori \u015fi nici fa\u0163\u0103 de ter\u0163i pentru eventualele prejudicii, litigii existente, n\u0103scute ori izvor\u00e2te \u00een leg\u0103tur\u0103 cu\/din copierea, stocarea, modificarea ori transferarea \u00eentregului ori a unei p\u0103r\u0163i din informa\u0163iile publicate pe site.<\/p>\n\n\n\n<p class=\"wp-block-paragraph\">f) \u00cenc\u0103lcarea termenilor \u015fi a condi\u0163iilor din prezentul document atrage r\u0103spunderea juridic\u0103 a utilizatorilor, persoane fizice sau juridice, conform legisla\u0163iei \u00een vigoare.<\/p>\n\n\n\n<p class=\"wp-block-paragraph\">PROTEC\u0162IA DATELOR<br>a) Uniunea Ziari\u0219tilor Profesioni\u0219ti din Rom\u00e2nia (UZPR) prelucreaz\u0103 date cu caracter personal ale utilizatorilor care se aboneaz\u0103 la serviciile de \u015ftiri sau la alertele de \u015ftiri, a celor care transmit feedback-uri c\u0103tre Uniunea Ziari\u0219tilor Profesioni\u0219ti din Rom\u00e2nia (UZPR), precum \u015fi a celor care recomand\u0103 unor ter\u0163i articole publicate pe site.<\/p>\n\n\n\n<p class=\"wp-block-paragraph\">b) Utilizatorii care s-au \u00eenregistrat pentru primirea alertelor de \u015ftiri au posibilitatea de a se dezabona \u00een momentul \u00een care nu doresc s\u0103 le mai primeasc\u0103.<\/p>\n\n\n\n<p class=\"wp-block-paragraph\">c) Uniunea Ziari\u0219tilor Profesioni\u0219ti din Rom\u00e2nia (UZPR) ia toate m\u0103surile de securitate pentru a asigura confiden\u0163ialitatea \u015fi protec\u0163ia datelor \u015fi a informa\u0163iilor cu caracter personal ale utilizatorilor.<\/p>\n\n\n\n<p class=\"wp-block-paragraph\">d) Utilizatorii beneficiaz\u0103 de dreptul de acces la datele prelucrate, de interven\u0163ie asupra acestora, de dreptul de a se opune prelucr\u0103rii \u015fi de a solicita \u015ftergerea datelor \u015fi de celelalte drepturi prev\u0103zute de Legea nr. 677\/2001 pentru protec\u0163ia persoanelor cu privire la prelucrarea datelor cu caracter personal \u015fi libera circula\u0163ie a acestor date. \u00cen cazul \u00een care un utilizator dore\u0219te s\u0103 afle ce date de contact avem despre el sau dore\u0219te s\u0103 le modifice ne poate trimite un email la adresa contact@crisnabusiness.ro.<\/p>\n\n\n\n<p class=\"wp-block-paragraph\">e) Uniunea Ziari\u0219tilor Profesioni\u0219ti din Rom\u00e2nia (UZPR) nu cere utilizatorilor s\u0103i informa\u0163ii personale prin intermediul unei coresponden\u0163e nesolicitate de ace\u015ftia. Orice tip de coresponden\u0163\u0103 care ofer\u0103 sfaturi financiare sau orice mesaj nesolicitat prin care se solicit\u0103 divulgarea de informa\u0163ii personale trebuie considerat un fals \u015fi raportat c\u0103tre Uniunea Ziari\u0219tilor Profesioni\u0219ti din Rom\u00e2nia (UZPR) prin intermediul unui email trimis la adresa contact@crisnabusiness.ro.<\/p>\n\n\n\n<p class=\"wp-block-paragraph\">f) Site-ul www.uzpruk.com folose\u015fte cookie-uri pentru a identifica utilizatorii. Acestea nu con\u0163in niciun fel de date personale ale utilizatorilor \u015fi nu prezint\u0103 risc \u00een cazul \u00een care sunt interceptate de ter\u0163e p\u0103r\u0163i.<\/p>\n\n\n\n<p class=\"wp-block-paragraph\">g) Uniunea Ziari\u0219tilor Profesioni\u0219ti din Rom\u00e2nia (UZPR) stocheaz\u0103 \u015fi utilizeaz\u0103 adresele IP pentru administrarea site-ului, colectarea de informa\u0163ii, urm\u0103rirea mi\u015fc\u0103rilor utilizatorilor \u015fi \u00een scopuri statistice pentru uzul intern. Adresele IP nu au nicio leg\u0103tur\u0103 cu informa\u0163iile personale ale utilizatorilor.<\/p>\n\n\n\n<p class=\"wp-block-paragraph\"><strong>TERMENII \u015eI CONDI\u0162IILE DE UTILIZARE A SEC\u0162IUNII DE COMENTARII PE site-ul www.uzpruk.com<\/strong><br>Utilizarea sau accesarea sec\u0163iunii de comentarii de pe site-ul www.uzpruk.com reprezint\u0103 acordul dumneavoastr\u0103 de a respecta termenii \u015fi condi\u0163iile Uniunea Ziari\u0219tilor Profesioni\u0219ti din Rom\u00e2nia (UZPR), inclusiv dreptul de a utiliza \u015fi distribui con\u0163inut \/ comentarii pe site-ul nostru web \u0219i servicii Uniunea Ziari\u0219tilor Profesioni\u0219ti din Rom\u00e2nia (UZPR).<\/p>\n\n\n\n<p class=\"wp-block-paragraph\">Uniunea Ziari\u0219tilor Profesioni\u0219ti din Rom\u00e2nia (UZPR) nu este responsabil\u0103 pentru declara\u0163iile sau opiniile exprimate de ter\u0163e persoane \u00een sec\u0163iunea de Comentarii.<\/p>\n\n\n\n<p class=\"wp-block-paragraph\">Uniunea Ziari\u0219tilor Profesioni\u0219ti din Rom\u00e2nia (UZPR) \u00ee\u015fi rezerv\u0103 dreptul s\u0103 \u015ftearg\u0103 oricare dintre comentariile \u00eenscrise pe aceast\u0103 pagin\u0103, f\u0103r\u0103 vreo notificare prealabil\u0103. Vor fi \u015fterse comentariile pentru:<\/p>\n\n\n\n<p class=\"wp-block-paragraph\">Con\u0163inut considerat abuziv, amenin\u0163\u0103tor, agresiv, h\u0103r\u0163uitor sau care ar putea \u00eenc\u0103lca drepturile altor persoane (drepturile garantate de Constitu\u0163ia Rom\u00e2niei).<br>Con\u0163inut def\u0103im\u0103tor, jignitor, obscen, vulgar, care descrie sau instig\u0103 la acte de violen\u0163\u0103 sau ilegale.<br>Con\u0163inut prin care se exprim\u0103 ura fa\u0163\u0103 de al\u0163ii, prin care se instig\u0103 la discriminare de orice fel (referiri la religie, ras\u0103\/etnie, sex, na\u0163ionalitate sau convingeri politice).<br>Upload-ul, ata\u015farea sau distribuirea unor fi\u015fiere care con\u0163in viru\u015fi, a unor fi\u015fiere corupte sau alte tipuri similare de software.<br>Oferte sau solicit\u0103ri comerciale, mesaje de e-mail nesolicitate (spam), publicitate f\u0103r\u0103 acordul administratorilor paginii de Facebook Uniunea Ziari\u0219tilor Profesioni\u0219ti din Rom\u00e2nia (UZPR) sau cereri pentru dona\u0163ii.<\/p>","protected":false},"excerpt":{"rendered":"<p>TERMENI GENERALI a) Accesarea acestui website ori a oric\u0103rei p\u0103r\u0163i din acesta presupune acordul dumneavoastr\u0103, \u00een calitate utilizator, cu privire la termenii \u015fi condi\u021biile de mai jos. Prin continuarea utiliz\u0103rii site-ului, dumneavoastr\u0103, numit \u00een continuare utilizator, v\u0103 da\u0163i acordul tacit \u015fi accesa\u021bi la totalitatea termenilor \u015fi condi\u021biilor. b) Uniunea Ziari\u0219tilor Profesioni\u0219ti din Rom\u00e2nia (UZPR) poate [&hellip;]<\/p>\n","protected":false},"author":1,"featured_media":0,"parent":0,"menu_order":0,"comment_status":"closed","ping_status":"closed","template":"","meta":{"_crdt_document":"","footnotes":""},"class_list":["post-1091","page","type-page","status-publish","hentry"],"yoast_head":"<!-- This site is optimized with the Yoast SEO plugin v27.4 - https:\/\/yoast.com\/product\/yoast-seo-wordpress\/ -->\n<title>Termeni \u0219i condi\u021bii - Uniunea Ziari\u0219tilor Profesioni\u0219ti din Rom\u00e2nia (UZPR)<\/title>\n<meta name=\"robots\" content=\"index, follow, max-snippet:-1, max-image-preview:large, max-video-preview:-1\" \/>\n<link rel=\"canonical\" href=\"https:\/\/uzpruk.com\/en\/termeni-si-conditii\/\" \/>\n<meta property=\"og:locale\" content=\"en_GB\" \/>\n<meta property=\"og:type\" content=\"article\" \/>\n<meta property=\"og:title\" content=\"Termeni \u0219i condi\u021bii - Uniunea Ziari\u0219tilor Profesioni\u0219ti din Rom\u00e2nia (UZPR)\" \/>\n<meta property=\"og:description\" content=\"TERMENI GENERALI a) Accesarea acestui website ori a oric\u0103rei p\u0103r\u0163i din acesta presupune acordul dumneavoastr\u0103, \u00een calitate utilizator, cu privire la termenii \u015fi condi\u021biile de mai jos. Prin continuarea utiliz\u0103rii site-ului, dumneavoastr\u0103, numit \u00een continuare utilizator, v\u0103 da\u0163i acordul tacit \u015fi accesa\u021bi la totalitatea termenilor \u015fi condi\u021biilor. b) Uniunea Ziari\u0219tilor Profesioni\u0219ti din Rom\u00e2nia (UZPR) poate [&hellip;]\" \/>\n<meta property=\"og:url\" content=\"https:\/\/uzpruk.com\/en\/termeni-si-conditii\/\" \/>\n<meta property=\"og:site_name\" content=\"Uniunea Ziari\u0219tilor Profesioni\u0219ti din Rom\u00e2nia (UZPR)\" \/>\n<meta property=\"article:modified_time\" content=\"2021-09-26T17:59:26+00:00\" \/>\n<meta property=\"og:image\" content=\"https:\/\/uzpruk.com\/wp-content\/uploads\/2021\/10\/socialpreview.jpeg\" \/>\n\t<meta property=\"og:image:width\" content=\"1344\" \/>\n\t<meta property=\"og:image:height\" content=\"686\" \/>\n\t<meta property=\"og:image:type\" content=\"image\/jpeg\" \/>\n<meta name=\"twitter:card\" content=\"summary_large_image\" \/>\n<meta name=\"twitter:label1\" content=\"Estimated reading time\" \/>\n\t<meta name=\"twitter:data1\" content=\"5 minutes\" \/>\n<script type=\"application\/ld+json\" class=\"yoast-schema-graph\">{\"@context\":\"https:\\\/\\\/schema.org\",\"@graph\":[{\"@type\":\"WebPage\",\"@id\":\"https:\\\/\\\/uzpruk.com\\\/termeni-si-conditii\\\/\",\"url\":\"https:\\\/\\\/uzpruk.com\\\/termeni-si-conditii\\\/\",\"name\":\"Termeni \u0219i condi\u021bii - Uniunea Ziari\u0219tilor Profesioni\u0219ti din Rom\u00e2nia (UZPR)\",\"isPartOf\":{\"@id\":\"https:\\\/\\\/uzpruk.com\\\/#website\"},\"datePublished\":\"2021-09-24T15:14:43+00:00\",\"dateModified\":\"2021-09-26T17:59:26+00:00\",\"breadcrumb\":{\"@id\":\"https:\\\/\\\/uzpruk.com\\\/termeni-si-conditii\\\/#breadcrumb\"},\"inLanguage\":\"en-GB\",\"potentialAction\":[{\"@type\":\"ReadAction\",\"target\":[\"https:\\\/\\\/uzpruk.com\\\/termeni-si-conditii\\\/\"]}]},{\"@type\":\"BreadcrumbList\",\"@id\":\"https:\\\/\\\/uzpruk.com\\\/termeni-si-conditii\\\/#breadcrumb\",\"itemListElement\":[{\"@type\":\"ListItem\",\"position\":1,\"name\":\"Home\",\"item\":\"https:\\\/\\\/uzpruk.com\\\/\"},{\"@type\":\"ListItem\",\"position\":2,\"name\":\"Termeni \u0219i condi\u021bii\"}]},{\"@type\":\"WebSite\",\"@id\":\"https:\\\/\\\/uzpruk.com\\\/#website\",\"url\":\"https:\\\/\\\/uzpruk.com\\\/\",\"name\":\"Uniunea Ziari\u0219tilor Profesioni\u0219ti din Rom\u00e2nia (UZPR)\",\"description\":\"\u00cempreun\u0103 scriem istoria clipei\",\"publisher\":{\"@id\":\"https:\\\/\\\/uzpruk.com\\\/#organization\"},\"potentialAction\":[{\"@type\":\"SearchAction\",\"target\":{\"@type\":\"EntryPoint\",\"urlTemplate\":\"https:\\\/\\\/uzpruk.com\\\/?s={search_term_string}\"},\"query-input\":{\"@type\":\"PropertyValueSpecification\",\"valueRequired\":true,\"valueName\":\"search_term_string\"}}],\"inLanguage\":\"en-GB\"},{\"@type\":\"Organization\",\"@id\":\"https:\\\/\\\/uzpruk.com\\\/#organization\",\"name\":\"Uniunea Ziari\u0219tilor Profesioni\u0219ti din Rom\u00e2nia (UZPR)\",\"url\":\"https:\\\/\\\/uzpruk.com\\\/\",\"logo\":{\"@type\":\"ImageObject\",\"inLanguage\":\"en-GB\",\"@id\":\"https:\\\/\\\/uzpruk.com\\\/#\\\/schema\\\/logo\\\/image\\\/\",\"url\":\"https:\\\/\\\/uzpruk.com\\\/wp-content\\\/uploads\\\/2021\\\/09\\\/header-site2.png\",\"contentUrl\":\"https:\\\/\\\/uzpruk.com\\\/wp-content\\\/uploads\\\/2021\\\/09\\\/header-site2.png\",\"width\":831,\"height\":141,\"caption\":\"Uniunea Ziari\u0219tilor Profesioni\u0219ti din Rom\u00e2nia (UZPR)\"},\"image\":{\"@id\":\"https:\\\/\\\/uzpruk.com\\\/#\\\/schema\\\/logo\\\/image\\\/\"}}]}<\/script>\n<!-- \/ Yoast SEO plugin. -->","yoast_head_json":{"title":"Termeni \u0219i condi\u021bii - Uniunea Ziari\u0219tilor Profesioni\u0219ti din Rom\u00e2nia (UZPR)","robots":{"index":"index","follow":"follow","max-snippet":"max-snippet:-1","max-image-preview":"max-image-preview:large","max-video-preview":"max-video-preview:-1"},"canonical":"https:\/\/uzpruk.com\/en\/termeni-si-conditii\/","og_locale":"en_GB","og_type":"article","og_title":"Termeni \u0219i condi\u021bii - Uniunea Ziari\u0219tilor Profesioni\u0219ti din Rom\u00e2nia (UZPR)","og_description":"TERMENI GENERALI a) Accesarea acestui website ori a oric\u0103rei p\u0103r\u0163i din acesta presupune acordul dumneavoastr\u0103, \u00een calitate utilizator, cu privire la termenii \u015fi condi\u021biile de mai jos. Prin continuarea utiliz\u0103rii site-ului, dumneavoastr\u0103, numit \u00een continuare utilizator, v\u0103 da\u0163i acordul tacit \u015fi accesa\u021bi la totalitatea termenilor \u015fi condi\u021biilor. b) Uniunea Ziari\u0219tilor Profesioni\u0219ti din Rom\u00e2nia (UZPR) poate [&hellip;]","og_url":"https:\/\/uzpruk.com\/en\/termeni-si-conditii\/","og_site_name":"Uniunea Ziari\u0219tilor Profesioni\u0219ti din Rom\u00e2nia (UZPR)","article_modified_time":"2021-09-26T17:59:26+00:00","og_image":[{"width":1344,"height":686,"url":"https:\/\/uzpruk.com\/wp-content\/uploads\/2021\/10\/socialpreview.jpeg","type":"image\/jpeg"}],"twitter_card":"summary_large_image","twitter_misc":{"Estimated reading time":"5 minutes"},"schema":{"@context":"https:\/\/schema.org","@graph":[{"@type":"WebPage","@id":"https:\/\/uzpruk.com\/termeni-si-conditii\/","url":"https:\/\/uzpruk.com\/termeni-si-conditii\/","name":"Termeni \u0219i condi\u021bii - Uniunea Ziari\u0219tilor Profesioni\u0219ti din Rom\u00e2nia (UZPR)","isPartOf":{"@id":"https:\/\/uzpruk.com\/#website"},"datePublished":"2021-09-24T15:14:43+00:00","dateModified":"2021-09-26T17:59:26+00:00","breadcrumb":{"@id":"https:\/\/uzpruk.com\/termeni-si-conditii\/#breadcrumb"},"inLanguage":"en-GB","potentialAction":[{"@type":"ReadAction","target":["https:\/\/uzpruk.com\/termeni-si-conditii\/"]}]},{"@type":"BreadcrumbList","@id":"https:\/\/uzpruk.com\/termeni-si-conditii\/#breadcrumb","itemListElement":[{"@type":"ListItem","position":1,"name":"Home","item":"https:\/\/uzpruk.com\/"},{"@type":"ListItem","position":2,"name":"Termeni \u0219i condi\u021bii"}]},{"@type":"WebSite","@id":"https:\/\/uzpruk.com\/#website","url":"https:\/\/uzpruk.com\/","name":"Uniunea Ziari\u0219tilor Profesioni\u0219ti din Rom\u00e2nia (UZPR)","description":"\u00cempreun\u0103 scriem istoria clipei","publisher":{"@id":"https:\/\/uzpruk.com\/#organization"},"potentialAction":[{"@type":"SearchAction","target":{"@type":"EntryPoint","urlTemplate":"https:\/\/uzpruk.com\/?s={search_term_string}"},"query-input":{"@type":"PropertyValueSpecification","valueRequired":true,"valueName":"search_term_string"}}],"inLanguage":"en-GB"},{"@type":"Organization","@id":"https:\/\/uzpruk.com\/#organization","name":"Uniunea Ziari\u0219tilor Profesioni\u0219ti din Rom\u00e2nia (UZPR)","url":"https:\/\/uzpruk.com\/","logo":{"@type":"ImageObject","inLanguage":"en-GB","@id":"https:\/\/uzpruk.com\/#\/schema\/logo\/image\/","url":"https:\/\/uzpruk.com\/wp-content\/uploads\/2021\/09\/header-site2.png","contentUrl":"https:\/\/uzpruk.com\/wp-content\/uploads\/2021\/09\/header-site2.png","width":831,"height":141,"caption":"Uniunea Ziari\u0219tilor Profesioni\u0219ti din Rom\u00e2nia (UZPR)"},"image":{"@id":"https:\/\/uzpruk.com\/#\/schema\/logo\/image\/"}}]}},"blog_post_layout_featured_media_urls":{"thumbnail":"","full":""},"categories_names":null,"comments_number":"0","wpmagazine_modules_lite_featured_media_urls":{"thumbnail":"","cvmm-medium":"","cvmm-medium-plus":"","cvmm-portrait":"","cvmm-medium-square":"","cvmm-large":"","cvmm-small":"","full":""},"_links":{"self":[{"href":"https:\/\/uzpruk.com\/en\/wp-json\/wp\/v2\/pages\/1091","targetHints":{"allow":["GET"]}}],"collection":[{"href":"https:\/\/uzpruk.com\/en\/wp-json\/wp\/v2\/pages"}],"about":[{"href":"https:\/\/uzpruk.com\/en\/wp-json\/wp\/v2\/types\/page"}],"author":[{"embeddable":true,"href":"https:\/\/uzpruk.com\/en\/wp-json\/wp\/v2\/users\/1"}],"replies":[{"embeddable":true,"href":"https:\/\/uzpruk.com\/en\/wp-json\/wp\/v2\/comments?post=1091"}],"version-history":[{"count":2,"href":"https:\/\/uzpruk.com\/en\/wp-json\/wp\/v2\/pages\/1091\/revisions"}],"predecessor-version":[{"id":1215,"href":"https:\/\/uzpruk.com\/en\/wp-json\/wp\/v2\/pages\/1091\/revisions\/1215"}],"wp:attachment":[{"href":"https:\/\/uzpruk.com\/en\/wp-json\/wp\/v2\/media?parent=1091"}],"curies":[{"name":"wp","href":"https:\/\/api.w.org\/{rel}","templated":true}]}}