{"id":1068,"date":"2021-09-24T10:48:41","date_gmt":"2021-09-24T10:48:41","guid":{"rendered":"https:\/\/uzpruk.com\/?page_id=1068"},"modified":"2022-06-03T16:17:27","modified_gmt":"2022-06-03T16:17:27","slug":"despre","status":"publish","type":"page","link":"https:\/\/uzpruk.com\/en\/despre\/","title":{"rendered":"About us"},"content":{"rendered":"<div data-elementor-type=\"wp-page\" data-elementor-id=\"1068\" class=\"elementor elementor-1068\">\n\t\t\t\t\t\t<section class=\"elementor-section elementor-top-section elementor-element elementor-element-nfbaj05 elementor-section-content-middle elementor-section-boxed elementor-section-height-default elementor-section-height-default\" data-id=\"nfbaj05\" data-element_type=\"section\" data-e-type=\"section\" data-settings=\"{&quot;background_background&quot;:&quot;classic&quot;}\">\n\t\t\t\t\t\t\t<div class=\"elementor-background-overlay\"><\/div>\n\t\t\t\t\t\t\t<div class=\"elementor-container elementor-column-gap-no\">\n\t\t\t\t\t<div class=\"elementor-column elementor-col-50 elementor-top-column elementor-element elementor-element-47d11e6\" data-id=\"47d11e6\" data-element_type=\"column\" data-e-type=\"column\">\n\t\t\t<div class=\"elementor-widget-wrap elementor-element-populated\">\n\t\t\t\t\t\t<div class=\"elementor-element elementor-element-2c30fdf elementor-widget elementor-widget-spacer\" data-id=\"2c30fdf\" data-element_type=\"widget\" data-e-type=\"widget\" data-widget_type=\"spacer.default\">\n\t\t\t\t<div class=\"elementor-widget-container\">\n\t\t\t\t\t\t\t<div class=\"elementor-spacer\">\n\t\t\t<div class=\"elementor-spacer-inner\"><\/div>\n\t\t<\/div>\n\t\t\t\t\t\t<\/div>\n\t\t\t\t<\/div>\n\t\t\t\t<div class=\"elementor-element elementor-element-51240be elementor-widget elementor-widget-image\" data-id=\"51240be\" data-element_type=\"widget\" data-e-type=\"widget\" data-widget_type=\"image.default\">\n\t\t\t\t<div class=\"elementor-widget-container\">\n\t\t\t\t\t\t\t\t\t\t\t\t\t\t\t<img fetchpriority=\"high\" decoding=\"async\" width=\"587\" height=\"276\" src=\"https:\/\/uzpruk.com\/wp-content\/uploads\/2021\/09\/Logo-uzp4.png\" class=\"attachment-full size-full wp-image-1152\" alt=\"\" srcset=\"https:\/\/uzpruk.com\/wp-content\/uploads\/2021\/09\/Logo-uzp4.png 587w, https:\/\/uzpruk.com\/wp-content\/uploads\/2021\/09\/Logo-uzp4-300x141.png 300w, https:\/\/uzpruk.com\/wp-content\/uploads\/2021\/09\/Logo-uzp4-18x8.png 18w\" sizes=\"(max-width: 587px) 100vw, 587px\" \/>\t\t\t\t\t\t\t\t\t\t\t\t\t\t\t<\/div>\n\t\t\t\t<\/div>\n\t\t\t\t\t<\/div>\n\t\t<\/div>\n\t\t\t\t<div class=\"elementor-column elementor-col-50 elementor-top-column elementor-element elementor-element-e68dcfe\" data-id=\"e68dcfe\" data-element_type=\"column\" data-e-type=\"column\">\n\t\t\t<div class=\"elementor-widget-wrap elementor-element-populated\">\n\t\t\t\t\t\t<div class=\"elementor-element elementor-element-ff0f137 elementor-widget elementor-widget-heading\" data-id=\"ff0f137\" data-element_type=\"widget\" data-e-type=\"widget\" data-widget_type=\"heading.default\">\n\t\t\t\t<div class=\"elementor-widget-container\">\n\t\t\t\t\t<h2 class=\"elementor-heading-title elementor-size-default\">About UZPR<\/h2>\t\t\t\t<\/div>\n\t\t\t\t<\/div>\n\t\t\t\t<div class=\"elementor-element elementor-element-72da1a5 elementor-widget elementor-widget-text-editor\" data-id=\"72da1a5\" data-element_type=\"widget\" data-e-type=\"widget\" data-widget_type=\"text-editor.default\">\n\t\t\t\t<div class=\"elementor-widget-container\">\n\t\t\t\t\t\t\t\t\t<p><em>The Union of Professional Journalists of Romania<\/em> (UZPR) is the largest professional membership association for journalists in Romania. It was founded in 1919 by a group of journalists seeking to support one another and to encourage more journalists to pursue journalism in a democratic spirit. UZPR is a community of journalists committed to advancing diversity in the news industry and at the heart of its mission to increase members' perspectives and representation in newsrooms, media, and publishing in general. Through its status and regulations, UZPR can develop partnerships with other European and International press or media bodies. Today, UZPR continues to unite people who share the same passion for journalism and publishing by maintaining a network and community of journalists not just throughout Romania but also outside.<\/p><p class=\"translation-block\">Therefore through the direct involvement and support of the association's President, Mr\nDoru Dinu Gl\u0103van, and Dr Nistor Becia, in July 2021, UZPR has launched a British branch\nso members from the United Kingdom can join as well. Alice N\u0103stase Buciuta is now the\npresident and coordinates this UK branch of Romania's Union of Professional Journalists.<\/p>\t\t\t\t\t\t\t\t<\/div>\n\t\t\t\t<\/div>\n\t\t\t\t\t<\/div>\n\t\t<\/div>\n\t\t\t\t\t<\/div>\n\t\t<\/section>\n\t\t\t\t<\/div>","protected":false},"excerpt":{"rendered":"<p>Despre UZPR Uniunea Ziari\u0219tilor Profesioni\u0219ti din Rom\u00e2nia (UZPR) &#8211; asocia\u0163ia profesional\u0103 de crea\u0163ie publicistic\u0103 \u015fi jurnalistic\u0103 a ziari\u015ftilor din Rom\u00e2nia \u0219i, totodat\u0103, cea mai mare organiza\u021bie de breasl\u0103 din Rom\u00e2nia \u00ee\u015fi\u00a0 propune s\u0103 reuneasc\u0103 \u00a0oameni care au \u00een comun aceea\u0219i pasiune, crea\u021bia jurnalistic\u0103 \u0219i publicistic\u0103 si \u00eenfiin\u021beaz\u0103 o filial\u0103 \u00een Marea Britanie. Pot adera membrii [&hellip;]<\/p>\n","protected":false},"author":1,"featured_media":0,"parent":0,"menu_order":0,"comment_status":"closed","ping_status":"closed","template":"elementor_header_footer","meta":{"_crdt_document":"","footnotes":""},"class_list":["post-1068","page","type-page","status-publish","hentry"],"yoast_head":"<!-- This site is optimized with the Yoast SEO plugin v27.4 - https:\/\/yoast.com\/product\/yoast-seo-wordpress\/ -->\n<title>Despre - Uniunea Ziari\u0219tilor Profesioni\u0219ti din Rom\u00e2nia (UZPR)<\/title>\n<meta name=\"description\" content=\"Despre Uniunea Ziari\u0219tilor Profesioni\u0219ti din Rom\u00e2nia, filiala UK\" \/>\n<meta name=\"robots\" content=\"index, follow, max-snippet:-1, max-image-preview:large, max-video-preview:-1\" \/>\n<link rel=\"canonical\" href=\"https:\/\/uzpruk.com\/en\/despre\/\" \/>\n<meta property=\"og:locale\" content=\"en_GB\" \/>\n<meta property=\"og:type\" content=\"article\" \/>\n<meta property=\"og:title\" content=\"Despre - Uniunea Ziari\u0219tilor Profesioni\u0219ti din Rom\u00e2nia (UZPR)\" \/>\n<meta property=\"og:description\" content=\"Despre Uniunea Ziari\u0219tilor Profesioni\u0219ti din Rom\u00e2nia, filiala UK\" \/>\n<meta property=\"og:url\" content=\"https:\/\/uzpruk.com\/en\/despre\/\" \/>\n<meta property=\"og:site_name\" content=\"Uniunea Ziari\u0219tilor Profesioni\u0219ti din Rom\u00e2nia (UZPR)\" \/>\n<meta property=\"article:modified_time\" content=\"2022-06-03T16:17:27+00:00\" \/>\n<meta property=\"og:image\" content=\"https:\/\/uzpruk.com\/wp-content\/uploads\/2021\/09\/Logo-uzp4.png\" \/>\n<meta name=\"twitter:card\" content=\"summary_large_image\" \/>\n<meta name=\"twitter:label1\" content=\"Estimated reading time\" \/>\n\t<meta name=\"twitter:data1\" content=\"2 minutes\" \/>\n<script type=\"application\/ld+json\" class=\"yoast-schema-graph\">{\"@context\":\"https:\\\/\\\/schema.org\",\"@graph\":[{\"@type\":\"WebPage\",\"@id\":\"https:\\\/\\\/uzpruk.com\\\/despre\\\/\",\"url\":\"https:\\\/\\\/uzpruk.com\\\/despre\\\/\",\"name\":\"Despre - Uniunea Ziari\u0219tilor Profesioni\u0219ti din Rom\u00e2nia (UZPR)\",\"isPartOf\":{\"@id\":\"https:\\\/\\\/uzpruk.com\\\/#website\"},\"primaryImageOfPage\":{\"@id\":\"https:\\\/\\\/uzpruk.com\\\/despre\\\/#primaryimage\"},\"image\":{\"@id\":\"https:\\\/\\\/uzpruk.com\\\/despre\\\/#primaryimage\"},\"thumbnailUrl\":\"https:\\\/\\\/uzpruk.com\\\/wp-content\\\/uploads\\\/2021\\\/09\\\/Logo-uzp4.png\",\"datePublished\":\"2021-09-24T10:48:41+00:00\",\"dateModified\":\"2022-06-03T16:17:27+00:00\",\"description\":\"Despre Uniunea Ziari\u0219tilor Profesioni\u0219ti din Rom\u00e2nia, filiala UK\",\"breadcrumb\":{\"@id\":\"https:\\\/\\\/uzpruk.com\\\/despre\\\/#breadcrumb\"},\"inLanguage\":\"en-GB\",\"potentialAction\":[{\"@type\":\"ReadAction\",\"target\":[\"https:\\\/\\\/uzpruk.com\\\/despre\\\/\"]}]},{\"@type\":\"ImageObject\",\"inLanguage\":\"en-GB\",\"@id\":\"https:\\\/\\\/uzpruk.com\\\/despre\\\/#primaryimage\",\"url\":\"https:\\\/\\\/uzpruk.com\\\/wp-content\\\/uploads\\\/2021\\\/09\\\/Logo-uzp4.png\",\"contentUrl\":\"https:\\\/\\\/uzpruk.com\\\/wp-content\\\/uploads\\\/2021\\\/09\\\/Logo-uzp4.png\"},{\"@type\":\"BreadcrumbList\",\"@id\":\"https:\\\/\\\/uzpruk.com\\\/despre\\\/#breadcrumb\",\"itemListElement\":[{\"@type\":\"ListItem\",\"position\":1,\"name\":\"Home\",\"item\":\"https:\\\/\\\/uzpruk.com\\\/\"},{\"@type\":\"ListItem\",\"position\":2,\"name\":\"Despre\"}]},{\"@type\":\"WebSite\",\"@id\":\"https:\\\/\\\/uzpruk.com\\\/#website\",\"url\":\"https:\\\/\\\/uzpruk.com\\\/\",\"name\":\"Uniunea Ziari\u0219tilor Profesioni\u0219ti din Rom\u00e2nia (UZPR)\",\"description\":\"\u00cempreun\u0103 scriem istoria clipei\",\"publisher\":{\"@id\":\"https:\\\/\\\/uzpruk.com\\\/#organization\"},\"potentialAction\":[{\"@type\":\"SearchAction\",\"target\":{\"@type\":\"EntryPoint\",\"urlTemplate\":\"https:\\\/\\\/uzpruk.com\\\/?s={search_term_string}\"},\"query-input\":{\"@type\":\"PropertyValueSpecification\",\"valueRequired\":true,\"valueName\":\"search_term_string\"}}],\"inLanguage\":\"en-GB\"},{\"@type\":\"Organization\",\"@id\":\"https:\\\/\\\/uzpruk.com\\\/#organization\",\"name\":\"Uniunea Ziari\u0219tilor Profesioni\u0219ti din Rom\u00e2nia (UZPR)\",\"url\":\"https:\\\/\\\/uzpruk.com\\\/\",\"logo\":{\"@type\":\"ImageObject\",\"inLanguage\":\"en-GB\",\"@id\":\"https:\\\/\\\/uzpruk.com\\\/#\\\/schema\\\/logo\\\/image\\\/\",\"url\":\"https:\\\/\\\/uzpruk.com\\\/wp-content\\\/uploads\\\/2021\\\/09\\\/header-site2.png\",\"contentUrl\":\"https:\\\/\\\/uzpruk.com\\\/wp-content\\\/uploads\\\/2021\\\/09\\\/header-site2.png\",\"width\":831,\"height\":141,\"caption\":\"Uniunea Ziari\u0219tilor Profesioni\u0219ti din Rom\u00e2nia (UZPR)\"},\"image\":{\"@id\":\"https:\\\/\\\/uzpruk.com\\\/#\\\/schema\\\/logo\\\/image\\\/\"}}]}<\/script>\n<!-- \/ Yoast SEO plugin. -->","yoast_head_json":{"title":"Despre - Uniunea Ziari\u0219tilor Profesioni\u0219ti din Rom\u00e2nia (UZPR)","description":"Despre Uniunea Ziari\u0219tilor Profesioni\u0219ti din Rom\u00e2nia, filiala UK","robots":{"index":"index","follow":"follow","max-snippet":"max-snippet:-1","max-image-preview":"max-image-preview:large","max-video-preview":"max-video-preview:-1"},"canonical":"https:\/\/uzpruk.com\/en\/despre\/","og_locale":"en_GB","og_type":"article","og_title":"Despre - Uniunea Ziari\u0219tilor Profesioni\u0219ti din Rom\u00e2nia (UZPR)","og_description":"Despre Uniunea Ziari\u0219tilor Profesioni\u0219ti din Rom\u00e2nia, filiala UK","og_url":"https:\/\/uzpruk.com\/en\/despre\/","og_site_name":"Uniunea Ziari\u0219tilor Profesioni\u0219ti din Rom\u00e2nia (UZPR)","article_modified_time":"2022-06-03T16:17:27+00:00","og_image":[{"url":"https:\/\/uzpruk.com\/wp-content\/uploads\/2021\/09\/Logo-uzp4.png","type":"","width":"","height":""}],"twitter_card":"summary_large_image","twitter_misc":{"Estimated reading time":"2 minutes"},"schema":{"@context":"https:\/\/schema.org","@graph":[{"@type":"WebPage","@id":"https:\/\/uzpruk.com\/despre\/","url":"https:\/\/uzpruk.com\/despre\/","name":"Despre - Uniunea Ziari\u0219tilor Profesioni\u0219ti din Rom\u00e2nia (UZPR)","isPartOf":{"@id":"https:\/\/uzpruk.com\/#website"},"primaryImageOfPage":{"@id":"https:\/\/uzpruk.com\/despre\/#primaryimage"},"image":{"@id":"https:\/\/uzpruk.com\/despre\/#primaryimage"},"thumbnailUrl":"https:\/\/uzpruk.com\/wp-content\/uploads\/2021\/09\/Logo-uzp4.png","datePublished":"2021-09-24T10:48:41+00:00","dateModified":"2022-06-03T16:17:27+00:00","description":"Despre Uniunea Ziari\u0219tilor Profesioni\u0219ti din Rom\u00e2nia, filiala UK","breadcrumb":{"@id":"https:\/\/uzpruk.com\/despre\/#breadcrumb"},"inLanguage":"en-GB","potentialAction":[{"@type":"ReadAction","target":["https:\/\/uzpruk.com\/despre\/"]}]},{"@type":"ImageObject","inLanguage":"en-GB","@id":"https:\/\/uzpruk.com\/despre\/#primaryimage","url":"https:\/\/uzpruk.com\/wp-content\/uploads\/2021\/09\/Logo-uzp4.png","contentUrl":"https:\/\/uzpruk.com\/wp-content\/uploads\/2021\/09\/Logo-uzp4.png"},{"@type":"BreadcrumbList","@id":"https:\/\/uzpruk.com\/despre\/#breadcrumb","itemListElement":[{"@type":"ListItem","position":1,"name":"Home","item":"https:\/\/uzpruk.com\/"},{"@type":"ListItem","position":2,"name":"Despre"}]},{"@type":"WebSite","@id":"https:\/\/uzpruk.com\/#website","url":"https:\/\/uzpruk.com\/","name":"Uniunea Ziari\u0219tilor Profesioni\u0219ti din Rom\u00e2nia (UZPR)","description":"\u00cempreun\u0103 scriem istoria clipei","publisher":{"@id":"https:\/\/uzpruk.com\/#organization"},"potentialAction":[{"@type":"SearchAction","target":{"@type":"EntryPoint","urlTemplate":"https:\/\/uzpruk.com\/?s={search_term_string}"},"query-input":{"@type":"PropertyValueSpecification","valueRequired":true,"valueName":"search_term_string"}}],"inLanguage":"en-GB"},{"@type":"Organization","@id":"https:\/\/uzpruk.com\/#organization","name":"Uniunea Ziari\u0219tilor Profesioni\u0219ti din Rom\u00e2nia (UZPR)","url":"https:\/\/uzpruk.com\/","logo":{"@type":"ImageObject","inLanguage":"en-GB","@id":"https:\/\/uzpruk.com\/#\/schema\/logo\/image\/","url":"https:\/\/uzpruk.com\/wp-content\/uploads\/2021\/09\/header-site2.png","contentUrl":"https:\/\/uzpruk.com\/wp-content\/uploads\/2021\/09\/header-site2.png","width":831,"height":141,"caption":"Uniunea Ziari\u0219tilor Profesioni\u0219ti din Rom\u00e2nia (UZPR)"},"image":{"@id":"https:\/\/uzpruk.com\/#\/schema\/logo\/image\/"}}]}},"blog_post_layout_featured_media_urls":{"thumbnail":"","full":""},"categories_names":null,"comments_number":"0","wpmagazine_modules_lite_featured_media_urls":{"thumbnail":"","cvmm-medium":"","cvmm-medium-plus":"","cvmm-portrait":"","cvmm-medium-square":"","cvmm-large":"","cvmm-small":"","full":""},"_links":{"self":[{"href":"https:\/\/uzpruk.com\/en\/wp-json\/wp\/v2\/pages\/1068","targetHints":{"allow":["GET"]}}],"collection":[{"href":"https:\/\/uzpruk.com\/en\/wp-json\/wp\/v2\/pages"}],"about":[{"href":"https:\/\/uzpruk.com\/en\/wp-json\/wp\/v2\/types\/page"}],"author":[{"embeddable":true,"href":"https:\/\/uzpruk.com\/en\/wp-json\/wp\/v2\/users\/1"}],"replies":[{"embeddable":true,"href":"https:\/\/uzpruk.com\/en\/wp-json\/wp\/v2\/comments?post=1068"}],"version-history":[{"count":20,"href":"https:\/\/uzpruk.com\/en\/wp-json\/wp\/v2\/pages\/1068\/revisions"}],"predecessor-version":[{"id":1677,"href":"https:\/\/uzpruk.com\/en\/wp-json\/wp\/v2\/pages\/1068\/revisions\/1677"}],"wp:attachment":[{"href":"https:\/\/uzpruk.com\/en\/wp-json\/wp\/v2\/media?parent=1068"}],"curies":[{"name":"wp","href":"https:\/\/api.w.org\/{rel}","templated":true}]}}